{"id":1946,"date":"2024-01-20T11:21:13","date_gmt":"2024-01-20T11:21:13","guid":{"rendered":"https:\/\/boixpell.com\/?post_type=product&#038;p=1946"},"modified":"2024-01-23T10:08:06","modified_gmt":"2024-01-23T10:08:06","slug":"1007262-jaqueto-doble-fac-reversible","status":"publish","type":"product","link":"https:\/\/boixpell.com\/es\/producto\/1007262-jaqueto-doble-fac-reversible\/","title":{"rendered":"Jaquet\u00f3 doble fa\u00e7 reversible"},"content":{"rendered":"","protected":false},"excerpt":{"rendered":"<p>Jaquet\u00f3 doflefa\u00e7 blau reversible talla 42<\/p>\n<p>1007262<\/p>\n","protected":false},"featured_media":1947,"template":"","meta":[],"product_cat":[64,26,105,61,78],"product_tag":[],"class_list":{"0":"post-1946","1":"product","2":"type-product","3":"status-publish","4":"has-post-thumbnail","6":"product_cat-abrics","7":"product_cat-jaquetes","8":"product_cat-jaquetons","9":"product_cat-pelleteria","10":"product_cat-roba","12":"first","13":"instock","14":"shipping-taxable","15":"purchasable","16":"product-type-simple"},"yoast_head":"<!-- This site is optimized with the Yoast SEO plugin v21.9 - https:\/\/yoast.com\/wordpress\/plugins\/seo\/ -->\n<title>Jaquet\u00f3 doble fa\u00e7 reversible - Boix roura<\/title>\n<meta name=\"description\" content=\"Comprar online Jaquet\u00f3 doble fa\u00e7 reversible - Boix roura\" \/>\n<meta name=\"robots\" content=\"index, follow, max-snippet:-1, max-image-preview:large, max-video-preview:-1\" \/>\n<link rel=\"canonical\" href=\"https:\/\/boixpell.com\/producto\/1007262-jaqueto-doble-fac-reversible\/\" \/>\n<meta property=\"og:locale\" content=\"es_ES\" \/>\n<meta property=\"og:type\" content=\"article\" \/>\n<meta property=\"og:title\" content=\"Jaquet\u00f3 doble fa\u00e7 reversible - Boix roura\" \/>\n<meta property=\"og:description\" content=\"Comprar online Jaquet\u00f3 doble fa\u00e7 reversible - Boix roura\" \/>\n<meta property=\"og:url\" content=\"https:\/\/boixpell.com\/producto\/1007262-jaqueto-doble-fac-reversible\/\" \/>\n<meta property=\"og:site_name\" content=\"Boix roura\" \/>\n<meta property=\"article:modified_time\" content=\"2024-01-23T10:08:06+00:00\" \/>\n<meta property=\"og:image\" content=\"https:\/\/boixpell.com\/wp-content\/uploads\/2024\/01\/image00001-scaled.jpeg\" \/>\n\t<meta property=\"og:image:width\" content=\"2089\" \/>\n\t<meta property=\"og:image:height\" content=\"2560\" \/>\n\t<meta property=\"og:image:type\" content=\"image\/jpeg\" \/>\n<meta name=\"twitter:card\" content=\"summary_large_image\" \/>\n<meta name=\"twitter:label1\" content=\"Tiempo de lectura\" \/>\n\t<meta name=\"twitter:data1\" content=\"1 minuto\" \/>\n<script type=\"application\/ld+json\" class=\"yoast-schema-graph\">{\"@context\":\"https:\/\/schema.org\",\"@graph\":[{\"@type\":\"WebPage\",\"@id\":\"https:\/\/boixpell.com\/producto\/1007262-jaqueto-doble-fac-reversible\/\",\"url\":\"https:\/\/boixpell.com\/producto\/1007262-jaqueto-doble-fac-reversible\/\",\"name\":\"Jaquet\u00f3 doble fa\u00e7 reversible - Boix roura\",\"isPartOf\":{\"@id\":\"https:\/\/boixpell.com\/#website\"},\"datePublished\":\"2024-01-20T11:21:13+00:00\",\"dateModified\":\"2024-01-23T10:08:06+00:00\",\"description\":\"Comprar online Jaquet\u00f3 doble fa\u00e7 reversible - Boix roura\",\"breadcrumb\":{\"@id\":\"https:\/\/boixpell.com\/producto\/1007262-jaqueto-doble-fac-reversible\/#breadcrumb\"},\"inLanguage\":\"es\",\"potentialAction\":[{\"@type\":\"ReadAction\",\"target\":[\"https:\/\/boixpell.com\/producto\/1007262-jaqueto-doble-fac-reversible\/\"]}]},{\"@type\":\"BreadcrumbList\",\"@id\":\"https:\/\/boixpell.com\/producto\/1007262-jaqueto-doble-fac-reversible\/#breadcrumb\",\"itemListElement\":[{\"@type\":\"ListItem\",\"position\":1,\"name\":\"Inici\",\"item\":\"https:\/\/boixpell.com\/\"},{\"@type\":\"ListItem\",\"position\":2,\"name\":\"Tienda\",\"item\":\"https:\/\/boixpell.com\/es\/tienda\/\"},{\"@type\":\"ListItem\",\"position\":3,\"name\":\"Jaquet\u00f3 doble fa\u00e7 reversible\"}]},{\"@type\":\"WebSite\",\"@id\":\"https:\/\/boixpell.com\/#website\",\"url\":\"https:\/\/boixpell.com\/\",\"name\":\"Boix roura\",\"description\":\"\",\"publisher\":{\"@id\":\"https:\/\/boixpell.com\/#organization\"},\"potentialAction\":[{\"@type\":\"SearchAction\",\"target\":{\"@type\":\"EntryPoint\",\"urlTemplate\":\"https:\/\/boixpell.com\/?s={search_term_string}\"},\"query-input\":\"required name=search_term_string\"}],\"inLanguage\":\"es\"},{\"@type\":\"Organization\",\"@id\":\"https:\/\/boixpell.com\/#organization\",\"name\":\"Boix roura\",\"url\":\"https:\/\/boixpell.com\/\",\"logo\":{\"@type\":\"ImageObject\",\"inLanguage\":\"es\",\"@id\":\"https:\/\/boixpell.com\/#\/schema\/logo\/image\/\",\"url\":\"https:\/\/boixpell.com\/wp-content\/uploads\/2023\/10\/logo_boixpell.jpg.png\",\"contentUrl\":\"https:\/\/boixpell.com\/wp-content\/uploads\/2023\/10\/logo_boixpell.jpg.png\",\"width\":682,\"height\":233,\"caption\":\"Boix roura\"},\"image\":{\"@id\":\"https:\/\/boixpell.com\/#\/schema\/logo\/image\/\"}}]}<\/script>\n<!-- \/ Yoast SEO plugin. -->","yoast_head_json":{"title":"Jaquet\u00f3 doble fa\u00e7 reversible - Boix roura","description":"Comprar online Jaquet\u00f3 doble fa\u00e7 reversible - Boix roura","robots":{"index":"index","follow":"follow","max-snippet":"max-snippet:-1","max-image-preview":"max-image-preview:large","max-video-preview":"max-video-preview:-1"},"canonical":"https:\/\/boixpell.com\/producto\/1007262-jaqueto-doble-fac-reversible\/","og_locale":"es_ES","og_type":"article","og_title":"Jaquet\u00f3 doble fa\u00e7 reversible - Boix roura","og_description":"Comprar online Jaquet\u00f3 doble fa\u00e7 reversible - Boix roura","og_url":"https:\/\/boixpell.com\/producto\/1007262-jaqueto-doble-fac-reversible\/","og_site_name":"Boix roura","article_modified_time":"2024-01-23T10:08:06+00:00","og_image":[{"width":2089,"height":2560,"url":"https:\/\/boixpell.com\/wp-content\/uploads\/2024\/01\/image00001-scaled.jpeg","type":"image\/jpeg"}],"twitter_card":"summary_large_image","twitter_misc":{"Tiempo de lectura":"1 minuto"},"schema":{"@context":"https:\/\/schema.org","@graph":[{"@type":"WebPage","@id":"https:\/\/boixpell.com\/producto\/1007262-jaqueto-doble-fac-reversible\/","url":"https:\/\/boixpell.com\/producto\/1007262-jaqueto-doble-fac-reversible\/","name":"Jaquet\u00f3 doble fa\u00e7 reversible - Boix roura","isPartOf":{"@id":"https:\/\/boixpell.com\/#website"},"datePublished":"2024-01-20T11:21:13+00:00","dateModified":"2024-01-23T10:08:06+00:00","description":"Comprar online Jaquet\u00f3 doble fa\u00e7 reversible - Boix roura","breadcrumb":{"@id":"https:\/\/boixpell.com\/producto\/1007262-jaqueto-doble-fac-reversible\/#breadcrumb"},"inLanguage":"es","potentialAction":[{"@type":"ReadAction","target":["https:\/\/boixpell.com\/producto\/1007262-jaqueto-doble-fac-reversible\/"]}]},{"@type":"BreadcrumbList","@id":"https:\/\/boixpell.com\/producto\/1007262-jaqueto-doble-fac-reversible\/#breadcrumb","itemListElement":[{"@type":"ListItem","position":1,"name":"Inici","item":"https:\/\/boixpell.com\/"},{"@type":"ListItem","position":2,"name":"Tienda","item":"https:\/\/boixpell.com\/es\/tienda\/"},{"@type":"ListItem","position":3,"name":"Jaquet\u00f3 doble fa\u00e7 reversible"}]},{"@type":"WebSite","@id":"https:\/\/boixpell.com\/#website","url":"https:\/\/boixpell.com\/","name":"Boix roura","description":"","publisher":{"@id":"https:\/\/boixpell.com\/#organization"},"potentialAction":[{"@type":"SearchAction","target":{"@type":"EntryPoint","urlTemplate":"https:\/\/boixpell.com\/?s={search_term_string}"},"query-input":"required name=search_term_string"}],"inLanguage":"es"},{"@type":"Organization","@id":"https:\/\/boixpell.com\/#organization","name":"Boix roura","url":"https:\/\/boixpell.com\/","logo":{"@type":"ImageObject","inLanguage":"es","@id":"https:\/\/boixpell.com\/#\/schema\/logo\/image\/","url":"https:\/\/boixpell.com\/wp-content\/uploads\/2023\/10\/logo_boixpell.jpg.png","contentUrl":"https:\/\/boixpell.com\/wp-content\/uploads\/2023\/10\/logo_boixpell.jpg.png","width":682,"height":233,"caption":"Boix roura"},"image":{"@id":"https:\/\/boixpell.com\/#\/schema\/logo\/image\/"}}]}},"_links":{"self":[{"href":"https:\/\/boixpell.com\/es\/wp-json\/wp\/v2\/product\/1946","targetHints":{"allow":["GET"]}}],"collection":[{"href":"https:\/\/boixpell.com\/es\/wp-json\/wp\/v2\/product"}],"about":[{"href":"https:\/\/boixpell.com\/es\/wp-json\/wp\/v2\/types\/product"}],"version-history":[{"count":2,"href":"https:\/\/boixpell.com\/es\/wp-json\/wp\/v2\/product\/1946\/revisions"}],"predecessor-version":[{"id":1956,"href":"https:\/\/boixpell.com\/es\/wp-json\/wp\/v2\/product\/1946\/revisions\/1956"}],"wp:featuredmedia":[{"embeddable":true,"href":"https:\/\/boixpell.com\/es\/wp-json\/wp\/v2\/media\/1947"}],"wp:attachment":[{"href":"https:\/\/boixpell.com\/es\/wp-json\/wp\/v2\/media?parent=1946"}],"wp:term":[{"taxonomy":"product_cat","embeddable":true,"href":"https:\/\/boixpell.com\/es\/wp-json\/wp\/v2\/product_cat?post=1946"},{"taxonomy":"product_tag","embeddable":true,"href":"https:\/\/boixpell.com\/es\/wp-json\/wp\/v2\/product_tag?post=1946"}],"curies":[{"name":"wp","href":"https:\/\/api.w.org\/{rel}","templated":true}]}}