{"id":1424,"date":"2023-10-27T10:55:40","date_gmt":"2023-10-27T10:55:40","guid":{"rendered":"https:\/\/boixpell.com\/avis-legal\/"},"modified":"2023-11-20T17:52:08","modified_gmt":"2023-11-20T17:52:08","slug":"aviso-legal","status":"publish","type":"page","link":"https:\/\/boixpell.com\/es\/aviso-legal\/","title":{"rendered":"Aviso legal"},"content":{"rendered":"\n<p>Para dar cumplimiento al art\u00edculo 10 de la Ley 34\/2002 de Servicios de la Sociedad de la Informaci\u00f3n y del Comercio Electr\u00f3nico, informamos a los usuarios de nuestros datos:<\/p>\n\n\n\n<p>Denominaci\u00f3n Social: BOIX ROURA SL<\/p>\n\n\n\n<p>Domicilio Social: C. Gurb 74-76, 08500 &#8211; VIC<\/p>\n\n\n\n<p>NIF: B63341622<\/p>\n\n\n\n<p>Tel\u00e9fono: 610465835<\/p>\n\n\n\n<p>E-Mail: ignasi@boixpell.com<\/p>\n\n\n\n<p><strong>1. OBJETO<br><\/strong>BOIX ROURA SL (En adelante tambi\u00e9n el prestamista) pone a disposici\u00f3n de los usuarios este documento, que regula el uso del sitio web https:\/\/premiadedalt.ticketara.com\/, con el que pretendemos dar cumplimiento a las obligaciones que dispone la Ley 34\/2002, de servicios de la Sociedad de la Informaci\u00f3n y del Comercio Electr\u00f3nico (LSSICE o LSSI), as\u00ed como informar a todos los usuarios del sitio web respecto de cu\u00e1les son sus condiciones de uso.<\/p>\n\n\n\n<p>Toda persona que acceda a esta web asume el papel de usuario (en adelante el usuario), e implica la aceptaci\u00f3n total y sin reservas de todas y cada una de las disposiciones incluidas en este Aviso Legal, as\u00ed como cualquier otra disposici\u00f3n legal que fuera de aplicaci\u00f3n.<\/p>\n\n\n\n<p>Como usuarios, deben leer atentamente este Aviso Legal en cualquiera de las ocasiones que entren en la web, ya que \u00e9sta puede sufrir modificaciones, ya que el prestamista se reserva el derecho a modificar cualquier tipo de informaci\u00f3n que pudiera aparecer en la web , sin que exista la obligaci\u00f3n de preavisar o poner en conocimiento de los usuarios dichas obligaciones, siendo suficiente la publicaci\u00f3n en el sitio web del prestador.<\/p>\n\n\n\n<p>2. <strong>CONDICIONES DE ACCESO Y USO DE LA WEB<br><\/strong>2.1. Car\u00e1cter gratuito del acceso y uso de la web.<\/p>\n\n\n\n<p>El uso del sitio web tiene car\u00e1cter gratuito para todos los usuarios. Los servicios suministrados por el prestamista a trav\u00e9s de la web est\u00e1n sujetos al pago de un precio determinado en las condiciones generales de contrataci\u00f3n.<\/p>\n\n\n\n<p>2.2. Registro de usuario.<\/p>\n\n\n\n<p>La compra de las entradas exige la previa suscripci\u00f3n o registro de los usuarios. Este registro se efectuar\u00e1 en la forma expresamente indicada en la propia secci\u00f3n del servicio.<\/p>\n\n\n\n<p>2.3. Veracidad de la informaci\u00f3n.<\/p>\n\n\n\n<p>Toda la informaci\u00f3n que facilita el usuario debe ser veraz. A tal efecto, el Usuario garantiza la autenticidad de los datos comunicados a trav\u00e9s de los formularios para la suscripci\u00f3n de los servicios. Ser\u00e1 responsabilidad del Usuario mantener toda la informaci\u00f3n facilitada a BOIX ROURA SL permanentemente actualizada de forma que responda, en cada momento, a su situaci\u00f3n real. En cualquier caso, el Usuario ser\u00e1 el \u00fanico responsable de las manifestaciones falsas o inexactas que haga y de los perjuicios que cause el prestamista o terceros.<\/p>\n\n\n\n<p>2.4. Menores de edad.<\/p>\n\n\n\n<p>Para el uso de los servicios, los menores de edad deben obtener siempre previamente el consentimiento de los padres, tutores o representantes legales, responsables \u00faltimos de todos los actos realizados por los menores a su cargo. La responsabilidad en la determinaci\u00f3n de contenidos concretos a los que acceden los menores corresponde a aquellos, por lo que si acceden a contenidos no apropiados para Internet, deber\u00e1n establecerse en sus ordenadores mecanismos, en particular programas inform\u00e1ticos, filtros y bloqueos , que permitan limitar los contenidos disponibles y, aunque no sean infalibles, son de especial utilidad para controlar y restringir los materiales a los que pueden acceder los menores.<\/p>\n\n\n\n<p>2.5. Obligaci\u00f3n de hacer uso correcto de la web.<\/p>\n\n\n\n<p>El Usuario se compromete a utilizar la web de conformidad con la Ley y este Aviso Legal, as\u00ed como la moral y las buenas costumbres. En efecto, el Usuario se abstendr\u00e1 de utilizar la p\u00e1gina con fines il\u00edcitos o prohibidos, lesivos de derechos e intereses de terceros, o que de cualquier modo puedan da\u00f1ar, inutilizar, sobrecargar, deteriorar o impedir la utilizaci\u00f3n normal de equipos inform\u00e1ticos o documentos, archivos y todo tipo de contenidos almacenados en cualquier equipo inform\u00e1tico del prestamista.<\/p>\n\n\n\n<p>En particular, ya t\u00edtulo indicativo, pero no exhaustivo, el Usuario se compromete a no transmitir, difundir o poner a disposici\u00f3n de terceros informaciones, datos, contenidos, mensajes, gr\u00e1ficos, dibujos, archivos de sonido o imagen, fotograf\u00edas, grabaciones, software y , en general, cualquier clase de material que:<\/p>\n\n\n\n<p>(A) sea contraria, desprecia o atente contra los derechos fundamentales y las libertades p\u00fablicas reconocidas constitucionalmente, en tratados internacionales y otras normas vigentes;<\/p>\n\n\n\n<p>(B) induzca, incite o promueva actuaciones delictivas, denigratorias, difamatorias, violentas o, en general, contrarias a la ley, a la moral y el orden p\u00fablico;<\/p>\n\n\n\n<p>(C) induzca, incite o promueva actuaciones, actitudes o pensamientos discriminatorios por raz\u00f3n de sexo, raza, religi\u00f3n, creencias, edad o condici\u00f3n;<\/p>\n\n\n\n<p>(D) sea contrario al derecho al honor, a la intimidad personal o familiar o la propia imagen de las personas;<\/p>\n\n\n\n<p>(E) de cualquier modo, perjudique la credibilidad del prestamista o de terceros; y<\/p>\n\n\n\n<p>(F) constituya publicidad il\u00edcita, enga\u00f1osa o desleal.<\/p>\n\n\n\n<p><strong>3. EXCLUSI\u00d3N DE GARANT\u00cdAS Y RESPONSABILIDAD<\/strong><\/p>\n\n\n\n<p>El prestamista se exime de cualquier tipo de responsabilidad derivada de la informaci\u00f3n publicada en nuestro sitio web, siempre que esta informaci\u00f3n haya sido manipulada o introducida por un tercero ajeno.<\/p>\n\n\n\n<p>Esta web ha sido revisada y probada para que funcione correctamente. En principio, se puede garantizar el correcto funcionamiento los 365 d\u00edas del a\u00f1o, 24 horas al d\u00eda. No obstante, el prestamista no descarta la posibilidad de que existan determinados errores de programaci\u00f3n, o que sucedan causas de fuerza mayor, cat\u00e1strofes naturales, huelgas, o circunstancias similares que hagan imposible el acceso a la p\u00e1gina web.<\/p>\n\n\n\n<p>BOIX ROURA SL no otorga ninguna garant\u00eda ni se hace responsable, en ning\u00fan caso, de los da\u00f1os y perjuicios de cualquier naturaleza que puedan salir a colaci\u00f3n de la carencia de disponibilidad, mantenimiento y efectivo funcionamiento de la web o de sus servicios y contenidos; de la existencia de virus, programas maliciosos o lesivos en los contenidos; del uso il\u00edcito, negligente, fraudulento o contrario a este Aviso legal y condiciones de uso; o de la falta de licitud, calidad, fiabilidad, utilidad y disponibilidad de los servicios prestados por terceros y puestos a disposici\u00f3n de los usuarios en el sitio web.<\/p>\n\n\n\n<p>El prestamista no se hace responsable bajo ning\u00fan concepto de los da\u00f1os que puedan dimanar del uso ilegal o indebido de la presente p\u00e1gina web.<\/p>\n\n\n\n<ol class=\"wp-block-list\" start=\"4\">\n<li><strong>COOKIES<\/strong><\/li>\n<\/ol>\n\n\n\n<p>Este sitio web puede utilizar cookies (peque\u00f1os archivos de informaci\u00f3n que el servidor env\u00eda al ordenador de quien accede a la p\u00e1gina) para llevar a cabo determinadas funciones que son consideradas imprescindibles para el correcto funcionamiento y visualizaci\u00f3n del sitio. Las cookies utilizadas tienen, en todo caso, car\u00e1cter temporal, con el \u00fanico fin de hacer m\u00e1s eficaz la navegaci\u00f3n, desapareciendo al finalizar la sesi\u00f3n del usuario. En ning\u00fan caso se utilizar\u00e1n las cookies para recabar informaci\u00f3n de car\u00e1cter personal. Para m\u00e1s informaci\u00f3n, consulte nuestra Pol\u00edtica de Cookies.<\/p>\n\n\n\n<p><strong>5. ENLACES (LINKS)<\/strong><\/p>\n\n\n\n<p>Desde el sitio web es posible que se redirija a contenidos patrocinados, anuncios y\/o enlaces de afiliados y\/o de terceros webs.<\/p>\n\n\n\n<p>Entre los enlaces facilitados, existe la posibilidad de informar o hacer referencia a productos y\/o servicios de terceros. Dado que desde la web no podemos controlar los contenidos introducidos por los terceros, BOIX ROURA SL no asume ning\u00fan tipo de responsabilidad respecto a estos contenidos, ni garantiza la experiencia, integridad o calidad de sus productos. En todo caso, el prestamista manifiesta que proceder\u00e1 a la retirada inmediata de cualquier contenido que pudiera contravenir la legislaci\u00f3n nacional o internacional, la moral o el orden p\u00fablico, procediendo a la retirada inmediata de la redirecci\u00f3n a estas webs, poniendo en conocimiento de las autoridades competentes el contenido en cuesti\u00f3n.<\/p>\n\n\n\n<p>BOIX ROURA SL tendr\u00e1 publicados estos enlaces hasta que sean eliminados o suspendidos por el prestamista o por el anunciante, y no ser\u00e1 responsable aunque estos anuncios puedan ser indexados por otros buscadores ajenos a esta web.<\/p>\n\n\n\n<p>El prestamista no se responsabiliza de la informaci\u00f3n y contenidos almacenados, a t\u00edtulo enunciativo, pero no limitativo, en foros, chats, generadores de blogs, comentarios, redes sociales o cualquier otro medio que permita a terceros publicar contenidos de forma independiente en la p\u00e1gina web del prestamista. No obstante, y en cumplimiento de lo dispuesto en el art. 11 y 16 de la LSSICE, el prestamista se pone a disposici\u00f3n de todos los usuarios, autoridades y fuerzas de seguridad, y colaborando de forma activa en la retirada o, cuando sea necesario, el bloqueo de todos aquellos contenidos que puedan afectar o contravenir la legislaci\u00f3n nacional, o internacional, derechos de terceros o la moral y el orden p\u00fablico. En caso de que el usuario considere que puede existir alg\u00fan contenido que pudiera ser susceptible de esta clasificaci\u00f3n, se ruega que lo notifique de forma inmediata al administrador del sitio web.<\/p>\n\n\n\n<p>Sin embargo, BOIX ROURA SL le informa que cualquier relaci\u00f3n contractual o extracontractual que el usuario formalice con estos terceros, afiliados o anunciantes mediante el link proporcionado por esta web, ser\u00e1 v\u00e1lido \u00fanica y exclusivamente entre el usuario y el anunciante y\/ o tercera persona y BOIX ROURA SL no tendr\u00e1 ning\u00fan tipo de responsabilidad sobre los da\u00f1os o perjuicios que pudieran ser ocasionados por la prestaci\u00f3n de servicios y\/o relaciones contractuales o extracontractuales realizadas entre el usuario y los anunciantes o terceros contactadas a trav\u00e9s del mismo portal, ya que el prestamista s\u00f3lo act\u00faa como intermediario o medio publicitario.<\/p>\n\n\n\n<p>6. <strong>PROTECCI\u00d3N DE DATOS PERSONALES<\/strong><\/p>\n\n\n\n<p>El prestamista est\u00e1 profundamente comprometido con el cumplimiento de la normativa de protecci\u00f3n de datos personales y garantiza el cumplimiento \u00edntegro de las obligaciones dispuestas, as\u00ed como la implementaci\u00f3n de las medidas de seguridad dispuestas en el Reglamento Europeo de Protecci\u00f3n de datos y la normativa espa\u00f1ola de protecci\u00f3n de datos datos. Para m\u00e1s informaci\u00f3n, consulte nuestra Pol\u00edtica de Privacidad.<\/p>\n\n\n\n<p><strong>7. PROPIEDAD INTELECTUAL E INDUSTRIAL<\/strong><\/p>\n\n\n\n<p>El sitio web, incluyendo a t\u00edtulo enunciativo, pero no limitativo: la programaci\u00f3n, edici\u00f3n, compilaci\u00f3n y otros elementos necesarios para su funcionamiento, los dise\u00f1os, logotipos, textos, fotograf\u00edas y\/o gr\u00e1ficos son propiedad del prestamista o, en caso que fuere necesario, dispone de la licencia o autorizaci\u00f3n expresa por parte de los autores. Todos los contenidos del sitio web est\u00e1n debidamente protegidos por la normativa de propiedad intelectual e industrial.<\/p>\n\n\n\n<p>Independientemente de la finalidad para la que fuesen destinados, la reproducci\u00f3n total o parcial, uso, distribuci\u00f3n y comunicaci\u00f3n p\u00fablica requieren la autorizaci\u00f3n escrita previa por parte del prestamista. Cualquier uso no autorizado previamente por parte del prestamista ser\u00e1 considerado un incumplimiento grave de los derechos de propiedad intelectual o industrial del autor.<\/p>\n\n\n\n<p>Los dise\u00f1os, logotipos, texto y\/o gr\u00e1ficos ajenos al prestamista y que puedan aparecer en el sitio web, pertenecen a sus respectivos propietarios, siendo ellos mismos responsables de cualquier posible controversia que pudiera acontecer respecto a \u00e9stos. En todo caso, el prestamista cuenta con la autorizaci\u00f3n expresa y previa por parte de los mismos.<\/p>\n\n\n\n<p>El prestamista reconoce a favor de sus titulares los correspondientes derechos de propiedad industrial e intelectual, y no implica la menci\u00f3n o aparici\u00f3n en el sitio web, de la existencia de derechos o responsabilidad del prestamista sobre \u00e9stos, como tampoco apoyo, patrocinio o recomendaci\u00f3n por parte del mismo.<\/p>\n\n\n\n<p>Para realizar cualquier tipo de observaci\u00f3n respecto a posibles incumplimientos de los derechos de propiedad intelectual o industrial, as\u00ed como sobre cualquiera de los contenidos del sitio web, puede hacerlo a trav\u00e9s del correo electr\u00f3nico arriba rese\u00f1ado.<\/p>\n\n\n\n<p><strong>8. LEY APLICABLE Y JURISDICCI\u00d3N<\/strong><\/p>\n\n\n\n<p>Para la resoluci\u00f3n de las controversias o cuestiones relacionadas con la presente p\u00e1gina web o de las actividades en la misma desarrolladas, ser\u00e1 de aplicaci\u00f3n la legislaci\u00f3n espa\u00f1ola, a la que se someten expresamente las partes, siendo competentes para la resoluci\u00f3n de todos los conflictos derivados o relacionados con su uso los Juzgados y Tribunales de Barcelona.<\/p>\n","protected":false},"excerpt":{"rendered":"<p>Para dar cumplimiento al art\u00edculo 10 de la Ley 34\/2002 de Servicios de la Sociedad de la Informaci\u00f3n y del Comercio Electr\u00f3nico, informamos a los usuarios de nuestros datos: Denominaci\u00f3n Social: BOIX ROURA SL Domicilio Social: C. Gurb 74-76, 08500 &#8211; VIC NIF: B63341622 Tel\u00e9fono: 610465835 E-Mail: ignasi@boixpell.com 1. OBJETOBOIX ROURA SL (En adelante tambi\u00e9n [&hellip;]<\/p>\n","protected":false},"author":1,"featured_media":0,"parent":0,"menu_order":0,"comment_status":"closed","ping_status":"closed","template":"","meta":{"footnotes":""},"class_list":["post-1424","page","type-page","status-publish","hentry"],"yoast_head":"<!-- This site is optimized with the Yoast SEO plugin v21.9 - https:\/\/yoast.com\/wordpress\/plugins\/seo\/ -->\n<title>Aviso legal - Boix roura<\/title>\n<meta name=\"robots\" content=\"index, follow, max-snippet:-1, max-image-preview:large, max-video-preview:-1\" \/>\n<link rel=\"canonical\" href=\"https:\/\/boixpell.com\/es\/aviso-legal\/\" \/>\n<meta property=\"og:locale\" content=\"es_ES\" \/>\n<meta property=\"og:type\" content=\"article\" \/>\n<meta property=\"og:title\" content=\"Aviso legal - Boix roura\" \/>\n<meta property=\"og:description\" content=\"Para dar cumplimiento al art\u00edculo 10 de la Ley 34\/2002 de Servicios de la Sociedad de la Informaci\u00f3n y del Comercio Electr\u00f3nico, informamos a los usuarios de nuestros datos: Denominaci\u00f3n Social: BOIX ROURA SL Domicilio Social: C. Gurb 74-76, 08500 &#8211; VIC NIF: B63341622 Tel\u00e9fono: 610465835 E-Mail: ignasi@boixpell.com 1. OBJETOBOIX ROURA SL (En adelante tambi\u00e9n [&hellip;]\" \/>\n<meta property=\"og:url\" content=\"https:\/\/boixpell.com\/es\/aviso-legal\/\" \/>\n<meta property=\"og:site_name\" content=\"Boix roura\" \/>\n<meta property=\"article:modified_time\" content=\"2023-11-20T17:52:08+00:00\" \/>\n<meta name=\"twitter:card\" content=\"summary_large_image\" \/>\n<meta name=\"twitter:label1\" content=\"Tiempo de lectura\" \/>\n\t<meta name=\"twitter:data1\" content=\"10 minutos\" \/>\n<script type=\"application\/ld+json\" class=\"yoast-schema-graph\">{\"@context\":\"https:\/\/schema.org\",\"@graph\":[{\"@type\":\"WebPage\",\"@id\":\"https:\/\/boixpell.com\/es\/aviso-legal\/\",\"url\":\"https:\/\/boixpell.com\/es\/aviso-legal\/\",\"name\":\"Aviso legal - Boix roura\",\"isPartOf\":{\"@id\":\"https:\/\/boixpell.com\/#website\"},\"datePublished\":\"2023-10-27T10:55:40+00:00\",\"dateModified\":\"2023-11-20T17:52:08+00:00\",\"breadcrumb\":{\"@id\":\"https:\/\/boixpell.com\/es\/aviso-legal\/#breadcrumb\"},\"inLanguage\":\"es\",\"potentialAction\":[{\"@type\":\"ReadAction\",\"target\":[\"https:\/\/boixpell.com\/es\/aviso-legal\/\"]}]},{\"@type\":\"BreadcrumbList\",\"@id\":\"https:\/\/boixpell.com\/es\/aviso-legal\/#breadcrumb\",\"itemListElement\":[{\"@type\":\"ListItem\",\"position\":1,\"name\":\"Inici\",\"item\":\"https:\/\/boixpell.com\/\"},{\"@type\":\"ListItem\",\"position\":2,\"name\":\"Aviso legal\"}]},{\"@type\":\"WebSite\",\"@id\":\"https:\/\/boixpell.com\/#website\",\"url\":\"https:\/\/boixpell.com\/\",\"name\":\"Boix roura\",\"description\":\"\",\"publisher\":{\"@id\":\"https:\/\/boixpell.com\/#organization\"},\"potentialAction\":[{\"@type\":\"SearchAction\",\"target\":{\"@type\":\"EntryPoint\",\"urlTemplate\":\"https:\/\/boixpell.com\/?s={search_term_string}\"},\"query-input\":\"required name=search_term_string\"}],\"inLanguage\":\"es\"},{\"@type\":\"Organization\",\"@id\":\"https:\/\/boixpell.com\/#organization\",\"name\":\"Boix roura\",\"url\":\"https:\/\/boixpell.com\/\",\"logo\":{\"@type\":\"ImageObject\",\"inLanguage\":\"es\",\"@id\":\"https:\/\/boixpell.com\/#\/schema\/logo\/image\/\",\"url\":\"https:\/\/boixpell.com\/wp-content\/uploads\/2023\/10\/logo_boixpell.jpg.png\",\"contentUrl\":\"https:\/\/boixpell.com\/wp-content\/uploads\/2023\/10\/logo_boixpell.jpg.png\",\"width\":682,\"height\":233,\"caption\":\"Boix roura\"},\"image\":{\"@id\":\"https:\/\/boixpell.com\/#\/schema\/logo\/image\/\"}}]}<\/script>\n<!-- \/ Yoast SEO plugin. -->","yoast_head_json":{"title":"Aviso legal - Boix roura","robots":{"index":"index","follow":"follow","max-snippet":"max-snippet:-1","max-image-preview":"max-image-preview:large","max-video-preview":"max-video-preview:-1"},"canonical":"https:\/\/boixpell.com\/es\/aviso-legal\/","og_locale":"es_ES","og_type":"article","og_title":"Aviso legal - Boix roura","og_description":"Para dar cumplimiento al art\u00edculo 10 de la Ley 34\/2002 de Servicios de la Sociedad de la Informaci\u00f3n y del Comercio Electr\u00f3nico, informamos a los usuarios de nuestros datos: Denominaci\u00f3n Social: BOIX ROURA SL Domicilio Social: C. Gurb 74-76, 08500 &#8211; VIC NIF: B63341622 Tel\u00e9fono: 610465835 E-Mail: ignasi@boixpell.com 1. OBJETOBOIX ROURA SL (En adelante tambi\u00e9n [&hellip;]","og_url":"https:\/\/boixpell.com\/es\/aviso-legal\/","og_site_name":"Boix roura","article_modified_time":"2023-11-20T17:52:08+00:00","twitter_card":"summary_large_image","twitter_misc":{"Tiempo de lectura":"10 minutos"},"schema":{"@context":"https:\/\/schema.org","@graph":[{"@type":"WebPage","@id":"https:\/\/boixpell.com\/es\/aviso-legal\/","url":"https:\/\/boixpell.com\/es\/aviso-legal\/","name":"Aviso legal - Boix roura","isPartOf":{"@id":"https:\/\/boixpell.com\/#website"},"datePublished":"2023-10-27T10:55:40+00:00","dateModified":"2023-11-20T17:52:08+00:00","breadcrumb":{"@id":"https:\/\/boixpell.com\/es\/aviso-legal\/#breadcrumb"},"inLanguage":"es","potentialAction":[{"@type":"ReadAction","target":["https:\/\/boixpell.com\/es\/aviso-legal\/"]}]},{"@type":"BreadcrumbList","@id":"https:\/\/boixpell.com\/es\/aviso-legal\/#breadcrumb","itemListElement":[{"@type":"ListItem","position":1,"name":"Inici","item":"https:\/\/boixpell.com\/"},{"@type":"ListItem","position":2,"name":"Aviso legal"}]},{"@type":"WebSite","@id":"https:\/\/boixpell.com\/#website","url":"https:\/\/boixpell.com\/","name":"Boix roura","description":"","publisher":{"@id":"https:\/\/boixpell.com\/#organization"},"potentialAction":[{"@type":"SearchAction","target":{"@type":"EntryPoint","urlTemplate":"https:\/\/boixpell.com\/?s={search_term_string}"},"query-input":"required name=search_term_string"}],"inLanguage":"es"},{"@type":"Organization","@id":"https:\/\/boixpell.com\/#organization","name":"Boix roura","url":"https:\/\/boixpell.com\/","logo":{"@type":"ImageObject","inLanguage":"es","@id":"https:\/\/boixpell.com\/#\/schema\/logo\/image\/","url":"https:\/\/boixpell.com\/wp-content\/uploads\/2023\/10\/logo_boixpell.jpg.png","contentUrl":"https:\/\/boixpell.com\/wp-content\/uploads\/2023\/10\/logo_boixpell.jpg.png","width":682,"height":233,"caption":"Boix roura"},"image":{"@id":"https:\/\/boixpell.com\/#\/schema\/logo\/image\/"}}]}},"_links":{"self":[{"href":"https:\/\/boixpell.com\/es\/wp-json\/wp\/v2\/pages\/1424","targetHints":{"allow":["GET"]}}],"collection":[{"href":"https:\/\/boixpell.com\/es\/wp-json\/wp\/v2\/pages"}],"about":[{"href":"https:\/\/boixpell.com\/es\/wp-json\/wp\/v2\/types\/page"}],"author":[{"embeddable":true,"href":"https:\/\/boixpell.com\/es\/wp-json\/wp\/v2\/users\/1"}],"replies":[{"embeddable":true,"href":"https:\/\/boixpell.com\/es\/wp-json\/wp\/v2\/comments?post=1424"}],"version-history":[{"count":1,"href":"https:\/\/boixpell.com\/es\/wp-json\/wp\/v2\/pages\/1424\/revisions"}],"predecessor-version":[{"id":1426,"href":"https:\/\/boixpell.com\/es\/wp-json\/wp\/v2\/pages\/1424\/revisions\/1426"}],"wp:attachment":[{"href":"https:\/\/boixpell.com\/es\/wp-json\/wp\/v2\/media?parent=1424"}],"curies":[{"name":"wp","href":"https:\/\/api.w.org\/{rel}","templated":true}]}}