{"id":1395,"date":"2023-10-23T16:36:29","date_gmt":"2023-10-23T16:36:29","guid":{"rendered":"https:\/\/boixpell.com\/transformacio\/"},"modified":"2023-12-22T15:20:11","modified_gmt":"2023-12-22T15:20:11","slug":"transformacion","status":"publish","type":"page","link":"https:\/\/boixpell.com\/es\/transformacion\/","title":{"rendered":"Transformaci\u00f3n"},"content":{"rendered":"\t\t<div data-elementor-type=\"wp-page\" data-elementor-id=\"1395\" class=\"elementor elementor-1395 elementor-1061\">\n\t\t\t\t\t\t\t\t\t<section class=\"elementor-section elementor-top-section elementor-element elementor-element-2f69ab3 elementor-section-boxed elementor-section-height-default elementor-section-height-default\" data-id=\"2f69ab3\" data-element_type=\"section\" data-settings=\"{&quot;jet_parallax_layout_list&quot;:[{&quot;jet_parallax_layout_image&quot;:{&quot;url&quot;:&quot;&quot;,&quot;id&quot;:&quot;&quot;,&quot;size&quot;:&quot;&quot;},&quot;_id&quot;:&quot;ad213d3&quot;,&quot;jet_parallax_layout_speed&quot;:{&quot;unit&quot;:&quot;%&quot;,&quot;size&quot;:50,&quot;sizes&quot;:[]},&quot;jet_parallax_layout_image_tablet&quot;:{&quot;url&quot;:&quot;&quot;,&quot;id&quot;:&quot;&quot;,&quot;size&quot;:&quot;&quot;},&quot;jet_parallax_layout_image_mobile&quot;:{&quot;url&quot;:&quot;&quot;,&quot;id&quot;:&quot;&quot;,&quot;size&quot;:&quot;&quot;},&quot;jet_parallax_layout_type&quot;:&quot;scroll&quot;,&quot;jet_parallax_layout_direction&quot;:null,&quot;jet_parallax_layout_fx_direction&quot;:null,&quot;jet_parallax_layout_z_index&quot;:&quot;&quot;,&quot;jet_parallax_layout_bg_x&quot;:50,&quot;jet_parallax_layout_bg_x_tablet&quot;:&quot;&quot;,&quot;jet_parallax_layout_bg_x_mobile&quot;:&quot;&quot;,&quot;jet_parallax_layout_bg_y&quot;:50,&quot;jet_parallax_layout_bg_y_tablet&quot;:&quot;&quot;,&quot;jet_parallax_layout_bg_y_mobile&quot;:&quot;&quot;,&quot;jet_parallax_layout_bg_size&quot;:&quot;auto&quot;,&quot;jet_parallax_layout_bg_size_tablet&quot;:&quot;&quot;,&quot;jet_parallax_layout_bg_size_mobile&quot;:&quot;&quot;,&quot;jet_parallax_layout_animation_prop&quot;:&quot;transform&quot;,&quot;jet_parallax_layout_on&quot;:[&quot;desktop&quot;,&quot;tablet&quot;]}]}\">\n\t\t\t\t\t\t<div class=\"elementor-container elementor-column-gap-default\">\n\t\t\t\t\t<div class=\"elementor-column elementor-col-100 elementor-top-column elementor-element elementor-element-d73f617\" data-id=\"d73f617\" data-element_type=\"column\">\n\t\t\t<div class=\"elementor-widget-wrap elementor-element-populated\">\n\t\t\t\t\t\t\t\t<div class=\"elementor-element elementor-element-3be8678 elementor-widget elementor-widget-heading\" data-id=\"3be8678\" data-element_type=\"widget\" data-widget_type=\"heading.default\">\n\t\t\t\t<div class=\"elementor-widget-container\">\n\t\t\t<style>\/*! elementor - v3.18.0 - 20-12-2023 *\/\n.elementor-heading-title{padding:0;margin:0;line-height:1}.elementor-widget-heading .elementor-heading-title[class*=elementor-size-]>a{color:inherit;font-size:inherit;line-height:inherit}.elementor-widget-heading .elementor-heading-title.elementor-size-small{font-size:15px}.elementor-widget-heading .elementor-heading-title.elementor-size-medium{font-size:19px}.elementor-widget-heading .elementor-heading-title.elementor-size-large{font-size:29px}.elementor-widget-heading .elementor-heading-title.elementor-size-xl{font-size:39px}.elementor-widget-heading .elementor-heading-title.elementor-size-xxl{font-size:59px}<\/style><h2 class=\"elementor-heading-title elementor-size-default\">\u00bfTienes alguna prenda de piel que se haya estropeado o haya quedado anticuada?<\/h2>\t\t<\/div>\n\t\t\t\t<\/div>\n\t\t\t\t<div class=\"elementor-element elementor-element-7db4952 elementor-widget elementor-widget-text-editor\" data-id=\"7db4952\" data-element_type=\"widget\" data-widget_type=\"text-editor.default\">\n\t\t\t\t<div class=\"elementor-widget-container\">\n\t\t\t<style>\/*! elementor - v3.18.0 - 20-12-2023 *\/\n.elementor-widget-text-editor.elementor-drop-cap-view-stacked .elementor-drop-cap{background-color:#69727d;color:#fff}.elementor-widget-text-editor.elementor-drop-cap-view-framed .elementor-drop-cap{color:#69727d;border:3px solid;background-color:transparent}.elementor-widget-text-editor:not(.elementor-drop-cap-view-default) .elementor-drop-cap{margin-top:8px}.elementor-widget-text-editor:not(.elementor-drop-cap-view-default) .elementor-drop-cap-letter{width:1em;height:1em}.elementor-widget-text-editor .elementor-drop-cap{float:left;text-align:center;line-height:1;font-size:50px}.elementor-widget-text-editor .elementor-drop-cap-letter{display:inline-block}<\/style>\t\t\t\t<p>En Boix Roura te ofrecemos un servicio de arreglos y transformaciones de piezas de peleter\u00eda. Cogemos prendas que hayan quedado desfasadas, reutilizamos la piel para confeccionar modelos totalmente nuevos.<\/p><p>De esta forma, actualiz\u00e1ndolos con patrones actuales, se les puede dar una nueva utilidad y recuperar su valor original.<\/p><p>\u00a1Ponte en contacto con nosotros para pedir m\u00e1s informaci\u00f3n, y consigue ropa de piel completamente renovada a un precio asequible!<\/p>\t\t\t\t\t\t<\/div>\n\t\t\t\t<\/div>\n\t\t\t\t\t<\/div>\n\t\t<\/div>\n\t\t\t\t\t\t\t<\/div>\n\t\t<\/section>\n\t\t\t\t<section class=\"elementor-section elementor-top-section elementor-element elementor-element-e4d6e48 elementor-section-boxed elementor-section-height-default elementor-section-height-default\" data-id=\"e4d6e48\" data-element_type=\"section\" data-settings=\"{&quot;jet_parallax_layout_list&quot;:[]}\">\n\t\t\t\t\t\t<div class=\"elementor-container elementor-column-gap-default\">\n\t\t\t\t\t<div class=\"elementor-column elementor-col-100 elementor-top-column elementor-element elementor-element-883a3e9\" data-id=\"883a3e9\" data-element_type=\"column\">\n\t\t\t<div class=\"elementor-widget-wrap elementor-element-populated\">\n\t\t\t\t\t\t\t\t<div class=\"elementor-element elementor-element-582c8c9 elementor-widget elementor-widget-image-gallery\" data-id=\"582c8c9\" data-element_type=\"widget\" data-widget_type=\"image-gallery.default\">\n\t\t\t\t<div class=\"elementor-widget-container\">\n\t\t\t<style>\/*! elementor - v3.18.0 - 20-12-2023 *\/\n.elementor-image-gallery .gallery-item{display:inline-block;text-align:center;vertical-align:top;width:100%;max-width:100%;margin:0 auto}.elementor-image-gallery .gallery-item img{margin:0 auto}.elementor-image-gallery .gallery-item .gallery-caption{margin:0}.elementor-image-gallery figure img{display:block}.elementor-image-gallery figure figcaption{width:100%}.gallery-spacing-custom .elementor-image-gallery .gallery-icon{padding:0}@media (min-width:768px){.elementor-image-gallery .gallery-columns-2 .gallery-item{max-width:50%}.elementor-image-gallery .gallery-columns-3 .gallery-item{max-width:33.33%}.elementor-image-gallery .gallery-columns-4 .gallery-item{max-width:25%}.elementor-image-gallery .gallery-columns-5 .gallery-item{max-width:20%}.elementor-image-gallery .gallery-columns-6 .gallery-item{max-width:16.666%}.elementor-image-gallery .gallery-columns-7 .gallery-item{max-width:14.28%}.elementor-image-gallery .gallery-columns-8 .gallery-item{max-width:12.5%}.elementor-image-gallery .gallery-columns-9 .gallery-item{max-width:11.11%}.elementor-image-gallery .gallery-columns-10 .gallery-item{max-width:10%}}@media (min-width:480px) and (max-width:767px){.elementor-image-gallery .gallery.gallery-columns-2 .gallery-item,.elementor-image-gallery .gallery.gallery-columns-3 .gallery-item,.elementor-image-gallery .gallery.gallery-columns-4 .gallery-item,.elementor-image-gallery .gallery.gallery-columns-5 .gallery-item,.elementor-image-gallery .gallery.gallery-columns-6 .gallery-item,.elementor-image-gallery .gallery.gallery-columns-7 .gallery-item,.elementor-image-gallery .gallery.gallery-columns-8 .gallery-item,.elementor-image-gallery .gallery.gallery-columns-9 .gallery-item,.elementor-image-gallery .gallery.gallery-columns-10 .gallery-item{max-width:50%}}@media (max-width:479px){.elementor-image-gallery .gallery.gallery-columns-2 .gallery-item,.elementor-image-gallery .gallery.gallery-columns-3 .gallery-item,.elementor-image-gallery .gallery.gallery-columns-4 .gallery-item,.elementor-image-gallery .gallery.gallery-columns-5 .gallery-item,.elementor-image-gallery .gallery.gallery-columns-6 .gallery-item,.elementor-image-gallery .gallery.gallery-columns-7 .gallery-item,.elementor-image-gallery .gallery.gallery-columns-8 .gallery-item,.elementor-image-gallery .gallery.gallery-columns-9 .gallery-item,.elementor-image-gallery .gallery.gallery-columns-10 .gallery-item{max-width:100%}}<\/style>\t\t<div class=\"elementor-image-gallery\">\n\t\t\t<div id='gallery-1' class='gallery galleryid-1395 gallery-columns-3 gallery-size-woostroid2-thumb-440-660'><figure class='gallery-item'>\n\t\t\t<div class='gallery-icon landscape'>\n\t\t\t\t<a data-elementor-open-lightbox=\"yes\" data-elementor-lightbox-slideshow=\"582c8c9\" data-elementor-lightbox-title=\"que\u0300 fem\" data-e-action-hash=\"#elementor-action%3Aaction%3Dlightbox%26settings%3DeyJpZCI6MTMzNiwidXJsIjoiaHR0cHM6XC9cL2JvaXhwZWxsLmNvbVwvd3AtY29udGVudFwvdXBsb2Fkc1wvMjAyM1wvMTBcL3F1ZS1mZW0tc2NhbGVkLmpwZyIsInNsaWRlc2hvdyI6IjU4MmM4YzkifQ%3D%3D\" href='https:\/\/boixpell.com\/wp-content\/uploads\/2023\/10\/que-fem-scaled.jpg'><img fetchpriority=\"high\" decoding=\"async\" width=\"440\" height=\"660\" src=\"https:\/\/boixpell.com\/wp-content\/uploads\/2023\/10\/que-fem-440x660.jpg\" class=\"attachment-woostroid2-thumb-440-660 size-woostroid2-thumb-440-660\" alt=\"\" srcset=\"https:\/\/boixpell.com\/wp-content\/uploads\/2023\/10\/que-fem-440x660.jpg 440w, https:\/\/boixpell.com\/wp-content\/uploads\/2023\/10\/que-fem-370x555.jpg 370w\" sizes=\"(max-width: 440px) 100vw, 440px\" \/><\/a>\n\t\t\t<\/div><\/figure><figure class='gallery-item'>\n\t\t\t<div class='gallery-icon portrait'>\n\t\t\t\t<a data-elementor-open-lightbox=\"yes\" data-elementor-lightbox-slideshow=\"582c8c9\" data-elementor-lightbox-title=\"slider1\" data-e-action-hash=\"#elementor-action%3Aaction%3Dlightbox%26settings%3DeyJpZCI6MTMyNCwidXJsIjoiaHR0cHM6XC9cL2JvaXhwZWxsLmNvbVwvd3AtY29udGVudFwvdXBsb2Fkc1wvMjAyM1wvMTBcL3NsaWRlcjEuanBnIiwic2xpZGVzaG93IjoiNTgyYzhjOSJ9\" href='https:\/\/boixpell.com\/wp-content\/uploads\/2023\/10\/slider1.jpg'><img decoding=\"async\" width=\"440\" height=\"660\" src=\"https:\/\/boixpell.com\/wp-content\/uploads\/2023\/10\/slider1-440x660.jpg\" class=\"attachment-woostroid2-thumb-440-660 size-woostroid2-thumb-440-660\" alt=\"\" srcset=\"https:\/\/boixpell.com\/wp-content\/uploads\/2023\/10\/slider1-440x660.jpg 440w, https:\/\/boixpell.com\/wp-content\/uploads\/2023\/10\/slider1-370x555.jpg 370w\" sizes=\"(max-width: 440px) 100vw, 440px\" \/><\/a>\n\t\t\t<\/div><\/figure><figure class='gallery-item'>\n\t\t\t<div class='gallery-icon portrait'>\n\t\t\t\t<a data-elementor-open-lightbox=\"yes\" data-elementor-lightbox-slideshow=\"582c8c9\" data-elementor-lightbox-title=\"component4transformacions\" data-e-action-hash=\"#elementor-action%3Aaction%3Dlightbox%26settings%3DeyJpZCI6MTMzMywidXJsIjoiaHR0cHM6XC9cL2JvaXhwZWxsLmNvbVwvd3AtY29udGVudFwvdXBsb2Fkc1wvMjAyM1wvMTBcL2NvbXBvbmVudDR0cmFuc2Zvcm1hY2lvbnMtc2NhbGVkLmpwZyIsInNsaWRlc2hvdyI6IjU4MmM4YzkifQ%3D%3D\" href='https:\/\/boixpell.com\/wp-content\/uploads\/2023\/10\/component4transformacions-scaled.jpg'><img decoding=\"async\" width=\"440\" height=\"660\" src=\"https:\/\/boixpell.com\/wp-content\/uploads\/2023\/10\/component4transformacions-440x660.jpg\" class=\"attachment-woostroid2-thumb-440-660 size-woostroid2-thumb-440-660\" alt=\"\" srcset=\"https:\/\/boixpell.com\/wp-content\/uploads\/2023\/10\/component4transformacions-440x660.jpg 440w, https:\/\/boixpell.com\/wp-content\/uploads\/2023\/10\/component4transformacions-370x555.jpg 370w\" sizes=\"(max-width: 440px) 100vw, 440px\" \/><\/a>\n\t\t\t<\/div><\/figure>\n\t\t<\/div>\n\t\t<\/div>\n\t\t\t\t<\/div>\n\t\t\t\t<\/div>\n\t\t\t\t\t<\/div>\n\t\t<\/div>\n\t\t\t\t\t\t\t<\/div>\n\t\t<\/section>\n\t\t\t\t\t\t\t<\/div>\n\t\t","protected":false},"excerpt":{"rendered":"<p>\u00bfTienes alguna prenda de piel que se haya estropeado o haya quedado anticuada? En Boix Roura te ofrecemos un servicio de arreglos y transformaciones de piezas de peleter\u00eda. Cogemos prendas que hayan quedado desfasadas, reutilizamos la piel para confeccionar modelos totalmente nuevos. De esta forma, actualiz\u00e1ndolos con patrones actuales, se les puede dar una nueva [&hellip;]<\/p>\n","protected":false},"author":1,"featured_media":0,"parent":0,"menu_order":0,"comment_status":"closed","ping_status":"closed","template":"page-templates\/fullwidth-content.php","meta":{"footnotes":""},"class_list":["post-1395","page","type-page","status-publish","hentry"],"yoast_head":"<!-- This site is optimized with the Yoast SEO plugin v21.9 - https:\/\/yoast.com\/wordpress\/plugins\/seo\/ -->\n<title>Transforma tus art\u00edculos de piel - Arte y Estilo.<\/title>\n<meta name=\"description\" content=\"Redefine tu estilo con arreglos \u00fanicos de peleter\u00eda. Personalizaci\u00f3n y calidad en cada prenda. Te ofreceremos las mejores soluciones.\" \/>\n<meta name=\"robots\" content=\"index, follow, max-snippet:-1, max-image-preview:large, max-video-preview:-1\" \/>\n<link rel=\"canonical\" href=\"https:\/\/boixpell.com\/es\/transformacion\/\" \/>\n<meta property=\"og:locale\" content=\"es_ES\" \/>\n<meta property=\"og:type\" content=\"article\" \/>\n<meta property=\"og:title\" content=\"Transforma tus art\u00edculos de piel - Arte y Estilo.\" \/>\n<meta property=\"og:description\" content=\"Redefine tu estilo con arreglos \u00fanicos de peleter\u00eda. Personalizaci\u00f3n y calidad en cada prenda. Te ofreceremos las mejores soluciones.\" \/>\n<meta property=\"og:url\" content=\"https:\/\/boixpell.com\/es\/transformacion\/\" \/>\n<meta property=\"og:site_name\" content=\"Boix roura\" \/>\n<meta property=\"article:modified_time\" content=\"2023-12-22T15:20:11+00:00\" \/>\n<meta property=\"og:image\" content=\"https:\/\/boixpell.com\/wp-content\/uploads\/2023\/10\/que-fem-440x660.jpg\" \/>\n<meta name=\"twitter:card\" content=\"summary_large_image\" \/>\n<meta name=\"twitter:label1\" content=\"Tiempo de lectura\" \/>\n\t<meta name=\"twitter:data1\" content=\"2 minutos\" \/>\n<script type=\"application\/ld+json\" class=\"yoast-schema-graph\">{\"@context\":\"https:\/\/schema.org\",\"@graph\":[{\"@type\":\"WebPage\",\"@id\":\"https:\/\/boixpell.com\/es\/transformacion\/\",\"url\":\"https:\/\/boixpell.com\/es\/transformacion\/\",\"name\":\"Transforma tus art\u00edculos de piel - Arte y Estilo.\",\"isPartOf\":{\"@id\":\"https:\/\/boixpell.com\/#website\"},\"datePublished\":\"2023-10-23T16:36:29+00:00\",\"dateModified\":\"2023-12-22T15:20:11+00:00\",\"description\":\"Redefine tu estilo con arreglos \u00fanicos de peleter\u00eda. Personalizaci\u00f3n y calidad en cada prenda. Te ofreceremos las mejores soluciones.\",\"breadcrumb\":{\"@id\":\"https:\/\/boixpell.com\/es\/transformacion\/#breadcrumb\"},\"inLanguage\":\"es\",\"potentialAction\":[{\"@type\":\"ReadAction\",\"target\":[\"https:\/\/boixpell.com\/es\/transformacion\/\"]}]},{\"@type\":\"BreadcrumbList\",\"@id\":\"https:\/\/boixpell.com\/es\/transformacion\/#breadcrumb\",\"itemListElement\":[{\"@type\":\"ListItem\",\"position\":1,\"name\":\"Inici\",\"item\":\"https:\/\/boixpell.com\/\"},{\"@type\":\"ListItem\",\"position\":2,\"name\":\"Transformaci\u00f3n\"}]},{\"@type\":\"WebSite\",\"@id\":\"https:\/\/boixpell.com\/#website\",\"url\":\"https:\/\/boixpell.com\/\",\"name\":\"Boix roura\",\"description\":\"\",\"publisher\":{\"@id\":\"https:\/\/boixpell.com\/#organization\"},\"potentialAction\":[{\"@type\":\"SearchAction\",\"target\":{\"@type\":\"EntryPoint\",\"urlTemplate\":\"https:\/\/boixpell.com\/?s={search_term_string}\"},\"query-input\":\"required name=search_term_string\"}],\"inLanguage\":\"es\"},{\"@type\":\"Organization\",\"@id\":\"https:\/\/boixpell.com\/#organization\",\"name\":\"Boix roura\",\"url\":\"https:\/\/boixpell.com\/\",\"logo\":{\"@type\":\"ImageObject\",\"inLanguage\":\"es\",\"@id\":\"https:\/\/boixpell.com\/#\/schema\/logo\/image\/\",\"url\":\"https:\/\/boixpell.com\/wp-content\/uploads\/2023\/10\/logo_boixpell.jpg.png\",\"contentUrl\":\"https:\/\/boixpell.com\/wp-content\/uploads\/2023\/10\/logo_boixpell.jpg.png\",\"width\":682,\"height\":233,\"caption\":\"Boix roura\"},\"image\":{\"@id\":\"https:\/\/boixpell.com\/#\/schema\/logo\/image\/\"}}]}<\/script>\n<!-- \/ Yoast SEO plugin. -->","yoast_head_json":{"title":"Transforma tus art\u00edculos de piel - Arte y Estilo.","description":"Redefine tu estilo con arreglos \u00fanicos de peleter\u00eda. Personalizaci\u00f3n y calidad en cada prenda. Te ofreceremos las mejores soluciones.","robots":{"index":"index","follow":"follow","max-snippet":"max-snippet:-1","max-image-preview":"max-image-preview:large","max-video-preview":"max-video-preview:-1"},"canonical":"https:\/\/boixpell.com\/es\/transformacion\/","og_locale":"es_ES","og_type":"article","og_title":"Transforma tus art\u00edculos de piel - Arte y Estilo.","og_description":"Redefine tu estilo con arreglos \u00fanicos de peleter\u00eda. Personalizaci\u00f3n y calidad en cada prenda. Te ofreceremos las mejores soluciones.","og_url":"https:\/\/boixpell.com\/es\/transformacion\/","og_site_name":"Boix roura","article_modified_time":"2023-12-22T15:20:11+00:00","og_image":[{"url":"https:\/\/boixpell.com\/wp-content\/uploads\/2023\/10\/que-fem-440x660.jpg"}],"twitter_card":"summary_large_image","twitter_misc":{"Tiempo de lectura":"2 minutos"},"schema":{"@context":"https:\/\/schema.org","@graph":[{"@type":"WebPage","@id":"https:\/\/boixpell.com\/es\/transformacion\/","url":"https:\/\/boixpell.com\/es\/transformacion\/","name":"Transforma tus art\u00edculos de piel - Arte y Estilo.","isPartOf":{"@id":"https:\/\/boixpell.com\/#website"},"datePublished":"2023-10-23T16:36:29+00:00","dateModified":"2023-12-22T15:20:11+00:00","description":"Redefine tu estilo con arreglos \u00fanicos de peleter\u00eda. Personalizaci\u00f3n y calidad en cada prenda. Te ofreceremos las mejores soluciones.","breadcrumb":{"@id":"https:\/\/boixpell.com\/es\/transformacion\/#breadcrumb"},"inLanguage":"es","potentialAction":[{"@type":"ReadAction","target":["https:\/\/boixpell.com\/es\/transformacion\/"]}]},{"@type":"BreadcrumbList","@id":"https:\/\/boixpell.com\/es\/transformacion\/#breadcrumb","itemListElement":[{"@type":"ListItem","position":1,"name":"Inici","item":"https:\/\/boixpell.com\/"},{"@type":"ListItem","position":2,"name":"Transformaci\u00f3n"}]},{"@type":"WebSite","@id":"https:\/\/boixpell.com\/#website","url":"https:\/\/boixpell.com\/","name":"Boix roura","description":"","publisher":{"@id":"https:\/\/boixpell.com\/#organization"},"potentialAction":[{"@type":"SearchAction","target":{"@type":"EntryPoint","urlTemplate":"https:\/\/boixpell.com\/?s={search_term_string}"},"query-input":"required name=search_term_string"}],"inLanguage":"es"},{"@type":"Organization","@id":"https:\/\/boixpell.com\/#organization","name":"Boix roura","url":"https:\/\/boixpell.com\/","logo":{"@type":"ImageObject","inLanguage":"es","@id":"https:\/\/boixpell.com\/#\/schema\/logo\/image\/","url":"https:\/\/boixpell.com\/wp-content\/uploads\/2023\/10\/logo_boixpell.jpg.png","contentUrl":"https:\/\/boixpell.com\/wp-content\/uploads\/2023\/10\/logo_boixpell.jpg.png","width":682,"height":233,"caption":"Boix roura"},"image":{"@id":"https:\/\/boixpell.com\/#\/schema\/logo\/image\/"}}]}},"_links":{"self":[{"href":"https:\/\/boixpell.com\/es\/wp-json\/wp\/v2\/pages\/1395","targetHints":{"allow":["GET"]}}],"collection":[{"href":"https:\/\/boixpell.com\/es\/wp-json\/wp\/v2\/pages"}],"about":[{"href":"https:\/\/boixpell.com\/es\/wp-json\/wp\/v2\/types\/page"}],"author":[{"embeddable":true,"href":"https:\/\/boixpell.com\/es\/wp-json\/wp\/v2\/users\/1"}],"replies":[{"embeddable":true,"href":"https:\/\/boixpell.com\/es\/wp-json\/wp\/v2\/comments?post=1395"}],"version-history":[{"count":25,"href":"https:\/\/boixpell.com\/es\/wp-json\/wp\/v2\/pages\/1395\/revisions"}],"predecessor-version":[{"id":1834,"href":"https:\/\/boixpell.com\/es\/wp-json\/wp\/v2\/pages\/1395\/revisions\/1834"}],"wp:attachment":[{"href":"https:\/\/boixpell.com\/es\/wp-json\/wp\/v2\/media?parent=1395"}],"curies":[{"name":"wp","href":"https:\/\/api.w.org\/{rel}","templated":true}]}}